{"id":200,"date":"2025-10-25T22:32:25","date_gmt":"2025-10-25T22:32:25","guid":{"rendered":"https:\/\/minerosdechile.cl\/?page_id=200"},"modified":"2025-10-27T04:47:51","modified_gmt":"2025-10-27T04:47:51","slug":"200-2","status":"publish","type":"page","link":"https:\/\/minerosdechile.cl\/index.php\/200-2\/","title":{"rendered":""},"content":{"rendered":"\t\t<div data-elementor-type=\"wp-page\" data-elementor-id=\"200\" class=\"elementor elementor-200\">\n\t\t\t\t<div class=\"elementor-element elementor-element-742af0ac e-flex e-con-boxed e-con e-parent\" data-id=\"742af0ac\" data-element_type=\"container\">\n\t\t\t\t\t<div class=\"e-con-inner\">\n\t\t\t\t<div class=\"elementor-element elementor-element-625a9daa elementor-widget elementor-widget-text-editor\" data-id=\"625a9daa\" data-element_type=\"widget\" data-widget_type=\"text-editor.default\">\n\t\t\t\t\t\t\t\t\t<p><div class=\"wp-block-image\"><\/p>\n<figure class=\"aligncenter size-full is-resized td-caption-align-center\"><img fetchpriority=\"high\" decoding=\"async\" width=\"908\" height=\"945\" class=\"wp-image-201\" style=\"width: 342px; height: auto;\" src=\"https:\/\/minerosdechile.cl\/wp-content\/uploads\/2025\/10\/Diseno-sin-titulo-1.png\" alt=\"\" srcset=\"https:\/\/minerosdechile.cl\/wp-content\/uploads\/2025\/10\/Diseno-sin-titulo-1.png 908w, https:\/\/minerosdechile.cl\/wp-content\/uploads\/2025\/10\/Diseno-sin-titulo-1-288x300.png 288w, https:\/\/minerosdechile.cl\/wp-content\/uploads\/2025\/10\/Diseno-sin-titulo-1-768x799.png 768w, https:\/\/minerosdechile.cl\/wp-content\/uploads\/2025\/10\/Diseno-sin-titulo-1-404x420.png 404w, https:\/\/minerosdechile.cl\/wp-content\/uploads\/2025\/10\/Diseno-sin-titulo-1-150x156.png 150w, https:\/\/minerosdechile.cl\/wp-content\/uploads\/2025\/10\/Diseno-sin-titulo-1-300x312.png 300w, https:\/\/minerosdechile.cl\/wp-content\/uploads\/2025\/10\/Diseno-sin-titulo-1-696x724.png 696w\" sizes=\"(max-width: 908px) 100vw, 908px\" \/><\/figure>\n<p><\/div><\/p>\n<p class=\"has-text-align-center\" style=\"max-width: 1372px; margin-top: 11px; margin-bottom: 36px;\"><strong>Patricio Gatica Rossi <\/strong><\/p>\n<p><\/p>\n<p class=\"has-text-align-center\" style=\"text-align: justify;\"><strong>Director y Fundador de MinerosDeChile.cl<\/strong>, medio digital especializado en la difusi\u00f3n de noticias, an\u00e1lisis y reportajes del mundo minero nacional. Con m\u00e1s de <strong>30 a\u00f1os de experiencia en la peque\u00f1a y mediana miner\u00eda chilena<\/strong>, ha desarrollado y dirigido diversas faenas y plantas de procesamiento, consolid\u00e1ndose como un referente del sector. Ha ejercido cargos de representaci\u00f3n gremial en la <strong>Asociaci\u00f3n Gremial Minera de Illapel<\/strong> y en la <strong>Sociedad Nacional de Miner\u00eda (SONAMI)<\/strong>, promoviendo la integraci\u00f3n y fortalecimiento del sector productivo. Su visi\u00f3n combina la <strong>experiencia Profesional, el compromiso territorial y la defensa de la miner\u00eda responsable<\/strong>, impulsando el di\u00e1logo entre empresas, trabajadores y comunidades.Desde su rol en <strong>MinerosDeChile.cl<\/strong>, lidera un equipo comprometido con entregar informaci\u00f3n veraz, oportuna y relevante, fomentando el orgullo por la cultura minera y destacando el aporte de los mineros de todas las regiones del pa\u00eds.<\/p>\n<p><\/p>\n<p class=\"has-text-align-center\" style=\"text-align: justify;\">\n<\/p><p><\/p>\t\t\t\t\t\t\t\t<\/div>\n\t\t\t\t\t<\/div>\n\t\t\t\t<\/div>\n\t\t\t\t<\/div>\n\t\t","protected":false},"excerpt":{"rendered":"<p>Patricio Gatica Rossi Director y Fundador de MinerosDeChile.cl, medio digital especializado en la difusi\u00f3n de noticias, an\u00e1lisis y reportajes del mundo minero nacional. Con m\u00e1s de 30 a\u00f1os de experiencia en la peque\u00f1a y mediana miner\u00eda chilena, ha desarrollado y dirigido diversas faenas y plantas de procesamiento, consolid\u00e1ndose como un referente del sector. Ha ejercido [&hellip;]<\/p>\n","protected":false},"author":1,"featured_media":0,"parent":0,"menu_order":0,"comment_status":"closed","ping_status":"closed","template":"","meta":{"_bbp_topic_count":0,"_bbp_reply_count":0,"_bbp_total_topic_count":0,"_bbp_total_reply_count":0,"_bbp_voice_count":0,"_bbp_anonymous_reply_count":0,"_bbp_topic_count_hidden":0,"_bbp_reply_count_hidden":0,"_bbp_forum_subforum_count":0,"postBodyCss":"","postBodyMargin":[],"postBodyPadding":[],"postBodyBackground":{"backgroundType":"classic","gradient":""},"tdm_status":"","tdm_grid_status":"","footnotes":""},"class_list":["post-200","page","type-page","status-publish"],"_links":{"self":[{"href":"https:\/\/minerosdechile.cl\/index.php\/wp-json\/wp\/v2\/pages\/200","targetHints":{"allow":["GET"]}}],"collection":[{"href":"https:\/\/minerosdechile.cl\/index.php\/wp-json\/wp\/v2\/pages"}],"about":[{"href":"https:\/\/minerosdechile.cl\/index.php\/wp-json\/wp\/v2\/types\/page"}],"author":[{"embeddable":true,"href":"https:\/\/minerosdechile.cl\/index.php\/wp-json\/wp\/v2\/users\/1"}],"replies":[{"embeddable":true,"href":"https:\/\/minerosdechile.cl\/index.php\/wp-json\/wp\/v2\/comments?post=200"}],"version-history":[{"count":7,"href":"https:\/\/minerosdechile.cl\/index.php\/wp-json\/wp\/v2\/pages\/200\/revisions"}],"predecessor-version":[{"id":224,"href":"https:\/\/minerosdechile.cl\/index.php\/wp-json\/wp\/v2\/pages\/200\/revisions\/224"}],"wp:attachment":[{"href":"https:\/\/minerosdechile.cl\/index.php\/wp-json\/wp\/v2\/media?parent=200"}],"curies":[{"name":"wp","href":"https:\/\/api.w.org\/{rel}","templated":true}]}}